{"id":926,"date":"2016-07-13T15:34:28","date_gmt":"2016-07-13T15:34:28","guid":{"rendered":"http:\/\/delfin.4web.lt\/en\/?page_id=926"},"modified":"2021-12-21T07:57:33","modified_gmt":"2021-12-21T07:57:33","slug":"contacts","status":"publish","type":"page","link":"https:\/\/pcdelfinas.lt\/en\/contacts","title":{"rendered":"Contacts"},"content":{"rendered":"<h4>\u00a0Opening hours and contact information:<\/h4>\n<hr \/>\n<p><strong>Swimming center of Siauliai &#8220;Delfinas&#8221;<\/strong> E\u017eero street. 11a, LT- 77147 Siauliai<br \/>\nCompany code 145914357,<br \/>\n<strong>Data is collected and stored in the Legal Persons Register<\/strong><br \/>\nTel.\/fax. (8 41) 520 508 or 8 646 434 01 email: delfinas@splius.lt<\/p>\n<hr \/>\n<p>Working hours:<strong> Monday &#8211; Friday <\/strong>from 7 h. to 14 h. <strong>Saturdays<\/strong> from 9 h. to 17 h.\u00a0<strong>Sundays<\/strong> \u00a0from 9 h. to 15 h.<\/p>\n<table>\n<thead>\n<tr>\n<th><strong>Name, surname<\/strong><\/th>\n<th>Office<\/th>\n<th>Phone number<\/th>\n<th>Email<\/th>\n<\/tr>\n<\/thead>\n<tbody>\n<tr>\n<td>Paulius Viktoravi\u010dius<\/td>\n<td>Director<\/td>\n<td>8 (41) 52 05 08<\/td>\n<td><a href=\"mailto:valerijus.belovas@delfin.lt\">paulius.viktoravicius@delfin.lt<\/a><\/td>\n<\/tr>\n<tr>\n<td>Nerijus Ju\u0161ka<\/td>\n<td>Deputy Director<\/td>\n<td>8 (41) 52 05 08 or 8 646 217 52<\/td>\n<td><a href=\"mailto:nerijus.juska@delfin.lt\">nerijus.juska@delfin.lt<\/a><\/td>\n<\/tr>\n<tr>\n<td>Daiva \u0160\u010derbauskien\u0117<\/td>\n<td>Document Management and General Affairs Specialist<\/td>\n<td>8 (41) 39 96 65 or 8 646 041 33<\/td>\n<td><a href=\"mailto:daiva.scerbauskiene@delfin.lt\">daiva.scerbauskiene@delfin.lt<\/a><\/td>\n<\/tr>\n<tr>\n<td>K\u0119stutis Eizintas<\/td>\n<td>Deputy for Education<\/td>\n<td>8 (41) 39 99 05 or 8 646 031 30<\/td>\n<td><a href=\"mailto:jolita.armonaviciene@delfin.lt\">kestutis.eizintas@delfin.lt<\/a><\/td>\n<\/tr>\n<\/tbody>\n<\/table>\n<hr \/>\n<table border=\"0\">\n<tbody>\n<tr>\n<td><strong>Swimming pool E\u017eero street 11a, Siauliai<br \/>\n<\/strong>Tel.\/fax. \u00a0(8 41) 52 05 08 or 8 646 434 01<br \/>\nEmail: <a href=\"mailto:delfinas@splius.lt\">delfinas@splius.lt<\/a><a href=\"https:\/\/www.google.lt\/maps\/place\/E%C5%BEero+g.+11A,+%C5%A0iauliai+77147\/@55.9246049,23.320155,15z\/data=!4m2!3m1!1s0x46e5e2fc8f8f2f83:0x3ea2922f51ee92ce\" target=\"_blank\" rel=\"noopener\"><img loading=\"lazy\" decoding=\"async\" src=\"http:\/\/delfin.lt\/images\/stories\/kontaktai\/ezero.jpg\" width=\"270\" height=\"181\" border=\"0\" \/><\/a><\/td>\n<td><strong>Swimming pool Dain\u0173 street 33a, Siauliai<br \/>\n<\/strong>Tel. \u00a0(8 41) 45 71 76 or 8 646 434 01<br \/>\nEmail: <a href=\"mailto:delfinasbp@splius.lt\">delfinasbp@splius.lt<\/a><a href=\"https:\/\/www.google.lt\/maps\/place\/Dain%C5%B3+g.+33A,+%C5%A0iauliai+78236\/@55.917874,23.2622919,15z\/data=!4m2!3m1!1s0x46e5e3985fff5b9b:0x19326c4d4e510d4a\" target=\"_blank\" rel=\"noopener\"><img loading=\"lazy\" decoding=\"async\" src=\"http:\/\/delfin.lt\/images\/stories\/kontaktai\/dainu.jpg\" width=\"270\" height=\"181\" border=\"0\" \/><\/a><\/td>\n<\/tr>\n<\/tbody>\n<\/table>\n<h3><\/h3>\n<h3><\/h3>\n","protected":false},"excerpt":{"rendered":"<p>\u00a0Opening hours and contact information: Swimming center of Siauliai &#8220;Delfinas&#8221; E\u017eero street. 11a, LT- 77147 Siauliai Company code 145914357, Data is collected and stored in the<span class=\"excerpt-hellip\"> [\u2026]<\/span><\/p>\n","protected":false},"author":1,"featured_media":0,"parent":0,"menu_order":0,"comment_status":"closed","ping_status":"closed","template":"","meta":{"footnotes":""},"class_list":["post-926","page","type-page","status-publish","hentry"],"_links":{"self":[{"href":"https:\/\/pcdelfinas.lt\/en\/wp-json\/wp\/v2\/pages\/926","targetHints":{"allow":["GET"]}}],"collection":[{"href":"https:\/\/pcdelfinas.lt\/en\/wp-json\/wp\/v2\/pages"}],"about":[{"href":"https:\/\/pcdelfinas.lt\/en\/wp-json\/wp\/v2\/types\/page"}],"author":[{"embeddable":true,"href":"https:\/\/pcdelfinas.lt\/en\/wp-json\/wp\/v2\/users\/1"}],"replies":[{"embeddable":true,"href":"https:\/\/pcdelfinas.lt\/en\/wp-json\/wp\/v2\/comments?post=926"}],"version-history":[{"count":9,"href":"https:\/\/pcdelfinas.lt\/en\/wp-json\/wp\/v2\/pages\/926\/revisions"}],"predecessor-version":[{"id":7419,"href":"https:\/\/pcdelfinas.lt\/en\/wp-json\/wp\/v2\/pages\/926\/revisions\/7419"}],"wp:attachment":[{"href":"https:\/\/pcdelfinas.lt\/en\/wp-json\/wp\/v2\/media?parent=926"}],"curies":[{"name":"wp","href":"https:\/\/api.w.org\/{rel}","templated":true}]}}